{"id":130698,"date":"2023-12-07T14:10:41","date_gmt":"2023-12-07T14:10:41","guid":{"rendered":"https:\/\/neu.zistelberghof.at\/?page_id=130698"},"modified":"2024-10-23T13:18:41","modified_gmt":"2024-10-23T13:18:41","slug":"kontakt","status":"publish","type":"page","link":"https:\/\/www.zistelberghof.at\/de\/kontakt\/","title":{"rendered":"Familie &#038; Kontakt"},"content":{"rendered":"<div class=\"wpb-content-wrapper\"><p>[vc_row row_height_percent=&#8220;0&#8243; override_padding=&#8220;yes&#8220; h_padding=&#8220;2&#8243; top_padding=&#8220;5&#8243; bottom_padding=&#8220;5&#8243; overlay_alpha=&#8220;50&#8243; gutter_size=&#8220;4&#8243; column_width_percent=&#8220;100&#8243; shift_y=&#8220;0&#8243; z_index=&#8220;0&#8243; uncode_shortcode_id=&#8220;124396&#8243;][vc_column column_width_percent=&#8220;100&#8243; gutter_size=&#8220;3&#8243; overlay_alpha=&#8220;50&#8243; shift_x=&#8220;0&#8243; shift_y=&#8220;0&#8243; shift_y_down=&#8220;0&#8243; z_index=&#8220;0&#8243; medium_width=&#8220;4&#8243; mobile_width=&#8220;0&#8243; sticky=&#8220;yes&#8220; width=&#8220;6\/12&#8243; el_class=&#8220;image-card image-card-triple&#8220; uncode_shortcode_id=&#8220;164370&#8243;][vc_single_image media=&#8220;131268&#8243; media_width_percent=&#8220;100&#8243; media_ratio=&#8220;one-one&#8220; alignment=&#8220;right&#8220; uncode_shortcode_id=&#8220;119892&#8243;][vc_single_image media=&#8220;131209&#8243; media_width_percent=&#8220;100&#8243; media_ratio=&#8220;one-one&#8220; alignment=&#8220;right&#8220; css_animation=&#8220;parallax&#8220; parallax_intensity=&#8220;2&#8243; uncode_shortcode_id=&#8220;989001&#8243;][vc_single_image media=&#8220;130948&#8243; media_width_percent=&#8220;100&#8243; media_ratio=&#8220;one-one&#8220; alignment=&#8220;right&#8220; css_animation=&#8220;parallax&#8220; parallax_intensity=&#8220;3&#8243; uncode_shortcode_id=&#8220;543797&#8243;][uncode_vertical_text vertical_text_h_pos=&#8220;-1&#8243; z_index=&#8220;0&#8243; text_font=&#8220;font-469684&#8243; text_size=&#8220;h6&#8243; text_weight=&#8220;500&#8243; text_transform=&#8220;uppercase&#8220; text_space=&#8220;fontspace-210350&#8243; medium_visibility=&#8220;yes&#8220; mobile_visibility=&#8220;yes&#8220; uncode_shortcode_id=&#8220;284068&#8243;]Werte \u00b7 Gelebte Tradition[\/uncode_vertical_text][\/vc_column][vc_column column_width_percent=&#8220;100&#8243; position_horizontal=&#8220;left&#8220; position_vertical=&#8220;middle&#8220; gutter_size=&#8220;3&#8243; font_family=&#8220;font-469684&#8243; overlay_alpha=&#8220;50&#8243; shift_x=&#8220;0&#8243; shift_y=&#8220;0&#8243; shift_y_down=&#8220;0&#8243; z_index=&#8220;0&#8243; medium_width=&#8220;4&#8243; align_mobile=&#8220;align_center_mobile&#8220; mobile_width=&#8220;0&#8243; width=&#8220;6\/12&#8243; uncode_shortcode_id=&#8220;573911&#8243;][vc_custom_heading text_color=&#8220;color-105872&#8243; heading_semantic=&#8220;h3&#8243; text_font=&#8220;font-369760&#8243; text_size=&#8220;fontsize-155944&#8243; text_weight=&#8220;400&#8243; sub_lead=&#8220;yes&#8220; uncode_shortcode_id=&#8220;168290&#8243; text_color_type=&#8220;uncode-palette&#8220; subheading=&#8220;Seit der Gr\u00fcndung unseres Hauses im Jahre 1970 durch Anni &amp; Johann Lienbacher hat sich vieles ver\u00e4ndert, doch eines ist stets gleichgeblieben:&#8220;]Gelebte Familientradition &amp; Gastfreundschaft! Und das seit drei Generationen![\/vc_custom_heading][vc_column_text text_lead=&#8220;yes&#8220; uncode_shortcode_id=&#8220;712942&#8243;]Unsere unersch\u00fctterliche Hingabe zur Gastfreundschaft. In dritter Generation f\u00fchren wir, gemeinsam mit Rosina Lienbacher, mit Stolz und Leidenschaft, die Tradition weiter, die unsere Gro\u00dfeltern einst begr\u00fcndeten. Jedes Detail unseres Hotels und Restaurants tr\u00e4gt die Handschrift unserer Familie und spiegelt unsere Liebe zum Gastgewerbe wider.<\/p>\n<p>Unser Haus ist mehr als nur ein Hotel und Restaurant \u2013 es ist ein Ort, an dem G\u00e4ste zu Freunden werden, ein Ort, der Geschichten erz\u00e4hlt und Erinnerungen schafft. Die Werte, die unsere Gro\u00dfeltern als Grundstein legten \u2013 Herzlichkeit, Authentizit\u00e4t und eine tiefe Verbundenheit zur Region \u2013 sind auch heute noch die Eckpfeiler unseres t\u00e4glichen Schaffens.<\/p>\n<p>\u00dcber die Jahre hinweg haben wir unser Angebot stets erweitert und modernisiert, ohne dabei unsere Wurzeln aus den Augen zu verlieren. Die Kombination aus traditioneller Gastlichkeit und zeitgem\u00e4\u00dfem Komfort macht unseren Betrieb zu etwas ganz Besonderem. Von den liebevoll eingerichteten Zimmern bis hin zur hochwertigen regionalen K\u00fcche \u2013 alles in unserem Haus ist darauf ausgerichtet, Ihnen ein unvergleichliches Erlebnis zu bieten.<\/p>\n<p>Wir sind dankbar und stolz darauf, dass wir die Leidenschaft f\u00fcr Gastfreundschaft von Generation zu Generation weitergeben k\u00f6nnen. Unsere T\u00fcr steht Ihnen offen \u2013 erleben Sie bei uns in Werfenweng eine herzliche Gastfreundschaft, die tief in der Tradition verwurzelt und zugleich offen f\u00fcr die Welt ist. Kommen Sie als Gast und gehen Sie als Teil unserer gro\u00dfen Hotel-Familie.[\/vc_column_text][vc_custom_heading heading_semantic=&#8220;p&#8220; text_font=&#8220;font-369760&#8243; text_weight=&#8220;300&#8243; uncode_shortcode_id=&#8220;361119&#8243;]Ihre Familie Lienbacher[\/vc_custom_heading][\/vc_column][\/vc_row][vc_row unlock_row_content=&#8220;yes&#8220; row_height_percent=&#8220;0&#8243; override_padding=&#8220;yes&#8220; h_padding=&#8220;0&#8243; top_padding=&#8220;0&#8243; bottom_padding=&#8220;0&#8243; back_color=&#8220;accent&#8220; overlay_alpha=&#8220;50&#8243; equal_height=&#8220;yes&#8220; gutter_size=&#8220;0&#8243; column_width_percent=&#8220;100&#8243; shift_y=&#8220;0&#8243; z_index=&#8220;0&#8243; bottom_divider=&#8220;gradient&#8220;][vc_column column_width_use_pixel=&#8220;yes&#8220; position_horizontal=&#8220;right&#8220; gutter_size=&#8220;3&#8243; override_padding=&#8220;yes&#8220; column_padding=&#8220;5&#8243; style=&#8220;dark&#8220; back_color=&#8220;color-289206&#8243; overlay_alpha=&#8220;50&#8243; shift_x=&#8220;0&#8243; shift_y=&#8220;0&#8243; shift_y_down=&#8220;0&#8243; z_index=&#8220;0&#8243; medium_width=&#8220;0&#8243; mobile_width=&#8220;0&#8243; width=&#8220;1\/2&#8243; column_width_pixel=&#8220;420&#8243;][vc_custom_heading heading_semantic=&#8220;h3&#8243; text_size=&#8220;h1&#8243; text_weight=&#8220;300&#8243; uncode_shortcode_id=&#8220;575387&#8243;]Kontakt &amp; \u00d6ffnungszeiten[\/vc_custom_heading][vc_separator sep_color=&#8220;,Default&#8220;][vc_custom_heading heading_semantic=&#8220;h3&#8243; text_size=&#8220;h3&#8243; text_weight=&#8220;300&#8243; sub_lead=&#8220;yes&#8220; sub_reduced=&#8220;yes&#8220; subheading=&#8220;Familie Lienbacher<br \/>\nLampersbach 26<br \/>\n5453 Werfenweng<br \/>\n\u00d6sterreich \u00b7 Austria&#8220; uncode_shortcode_id=&#8220;101334&#8243; text_color_type=&#8220;uncode-palette&#8220; text_color_solid=&#8220;#ff0000&#8243;]Hotel &amp; Restaurant Zistelberghof[\/vc_custom_heading][vc_separator sep_color=&#8220;,Default&#8220;][vc_custom_heading heading_semantic=&#8220;h3&#8243; text_size=&#8220;h3&#8243; text_weight=&#8220;300&#8243; sub_lead=&#8220;yes&#8220; sub_reduced=&#8220;yes&#8220; subheading=&#8220;BETRIEBSURLAUB!<br \/>\nAb 15.12.2024 wieder f\u00fcr Sie ge\u00f6ffnet<br \/>\nWir freuen uns Ihre Reservierung unter<br \/>\n+43 \/ (0) 6466 \/ 443!&#8220; uncode_shortcode_id=&#8220;670418&#8243; text_color_type=&#8220;uncode-palette&#8220; text_color_solid=&#8220;#ff0000&#8243;]\u00d6ffnungszeiten Restaurant[\/vc_custom_heading][vc_separator sep_color=&#8220;,Default&#8220;][vc_custom_heading heading_semantic=&#8220;h3&#8243; text_size=&#8220;h3&#8243; text_weight=&#8220;300&#8243; sub_lead=&#8220;yes&#8220; sub_reduced=&#8220;yes&#8220; subheading=&#8220;BETRIEBSURLAUB!<br \/>\nAb 15.12.2024 starten wir wieder in die Wintersaison!&#8220; uncode_shortcode_id=&#8220;127098&#8243; text_color_type=&#8220;uncode-palette&#8220; text_color_solid=&#8220;#ff0000&#8243;]\u00d6ffnungszeiten Hotel[\/vc_custom_heading][\/vc_column][vc_column column_width_use_pixel=&#8220;yes&#8220; position_horizontal=&#8220;left&#8220; gutter_size=&#8220;3&#8243; override_padding=&#8220;yes&#8220; column_padding=&#8220;5&#8243; back_color=&#8220;color-xsdn&#8220; overlay_alpha=&#8220;50&#8243; shift_x=&#8220;0&#8243; shift_y=&#8220;0&#8243; shift_y_down=&#8220;0&#8243; z_index=&#8220;0&#8243; medium_width=&#8220;0&#8243; mobile_width=&#8220;0&#8243; width=&#8220;1\/2&#8243; column_width_pixel=&#8220;420&#8243;][vc_custom_heading heading_semantic=&#8220;h3&#8243; text_size=&#8220;h1&#8243; text_weight=&#8220;300&#8243; uncode_shortcode_id=&#8220;187236&#8243;]Wir freuen uns auf Ihre Nachricht![\/vc_custom_heading][vc_separator sep_color=&#8220;,Default&#8220;]\n<div class=\"wpcf7 no-js\" id=\"wpcf7-f130697-o1\" lang=\"de-DE\" dir=\"ltr\" data-wpcf7-id=\"130697\">\n<div class=\"screen-reader-response\"><p role=\"status\" aria-live=\"polite\" aria-atomic=\"true\"><\/p> <ul><\/ul><\/div>\n<form action=\"\/de\/wp-json\/wp\/v2\/pages\/130698#wpcf7-f130697-o1\" method=\"post\" class=\"wpcf7-form init input-background form-no-labels\" aria-label=\"Kontaktformular\" novalidate=\"novalidate\" data-status=\"init\">\n<fieldset class=\"hidden-fields-container\"><input type=\"hidden\" name=\"_wpcf7\" value=\"130697\" \/><input type=\"hidden\" name=\"_wpcf7_version\" value=\"6.1.5\" \/><input type=\"hidden\" name=\"_wpcf7_locale\" value=\"de_DE\" \/><input type=\"hidden\" name=\"_wpcf7_unit_tag\" value=\"wpcf7-f130697-o1\" \/><input type=\"hidden\" name=\"_wpcf7_container_post\" value=\"0\" \/><input type=\"hidden\" name=\"_wpcf7_posted_data_hash\" value=\"\" \/>\n<\/fieldset>\n<p>Ihr Name (Pflichtfeld)\n<\/p>\n<p><span class=\"wpcf7-form-control-wrap\" data-name=\"your-name\"><input size=\"40\" maxlength=\"400\" class=\"wpcf7-form-control wpcf7-text wpcf7-validates-as-required form-fluid\" aria-required=\"true\" aria-invalid=\"false\" value=\"\" type=\"text\" name=\"your-name\" \/><\/span>\n<\/p>\n<p>Ihre E-Mail-Adresse (Pflichtfeld)\n<\/p>\n<p><span class=\"wpcf7-form-control-wrap\" data-name=\"your-email\"><input size=\"40\" maxlength=\"400\" class=\"wpcf7-form-control wpcf7-email wpcf7-validates-as-required wpcf7-text wpcf7-validates-as-email form-fluid\" aria-required=\"true\" aria-invalid=\"false\" value=\"\" type=\"email\" name=\"your-email\" \/><\/span>\n<\/p>\n<p>Ihr Anliegen - was k\u00f6nnen wir f\u00fcr Sie tun?\n<\/p>\n<p><span class=\"wpcf7-form-control-wrap\" data-name=\"your-message\"><textarea cols=\"40\" rows=\"8\" maxlength=\"2000\" class=\"wpcf7-form-control wpcf7-textarea\" aria-invalid=\"false\" name=\"your-message\"><\/textarea><\/span>\n<\/p>\n<p><span id=\"wpcf7-69e43da7c2d22-wrapper\" class=\"wpcf7-form-control-wrap your-street-wrap\" style=\"display:none !important; visibility:hidden !important;\"><label for=\"wpcf7-69e43da7c2d22-field\" class=\"hp-message\">Bitte lasse dieses Feld leer.<\/label><input id=\"wpcf7-69e43da7c2d22-field\"  class=\"wpcf7-form-control wpcf7-text\" type=\"text\" name=\"your-street\" value=\"\" size=\"40\" tabindex=\"-1\" autocomplete=\"new-password\" \/><\/span><span id=\"wpcf7-69e43da7c2d79-wrapper\" class=\"wpcf7-form-control-wrap your-zip-wrap\" style=\"display:none !important; visibility:hidden !important;\"><label for=\"wpcf7-69e43da7c2d79-field\" class=\"hp-message\">Bitte lasse dieses Feld leer.<\/label><input id=\"wpcf7-69e43da7c2d79-field\"  class=\"wpcf7-form-control wpcf7-text\" type=\"text\" name=\"your-zip\" value=\"\" size=\"40\" tabindex=\"-1\" autocomplete=\"new-password\" \/><\/span>\n<\/p>\n<p><input class=\"wpcf7-form-control wpcf7-submit has-spinner btn btn-accent btn-lg\" type=\"submit\" value=\"Nachricht senden\" \/>\n<\/p><input type='hidden' class='wpcf7-pum' value='{\"closepopup\":false,\"closedelay\":0,\"openpopup\":false,\"openpopup_id\":0}' \/><div class=\"wpcf7-response-output\" aria-hidden=\"true\"><\/div>\n<\/form>\n<\/div>\n[\/vc_column][\/vc_row][vc_row unlock_row_content=&#8220;yes&#8220; row_height_percent=&#8220;50&#8243; override_padding=&#8220;yes&#8220; h_padding=&#8220;0&#8243; top_padding=&#8220;0&#8243; bottom_padding=&#8220;0&#8243; overlay_alpha=&#8220;100&#8243; gutter_size=&#8220;3&#8243; column_width_percent=&#8220;100&#8243; shift_y=&#8220;0&#8243; z_index=&#8220;0&#8243;][vc_column column_width_percent=&#8220;100&#8243; position_horizontal=&#8220;left&#8220; gutter_size=&#8220;3&#8243; expand_height=&#8220;yes&#8220; overlay_alpha=&#8220;100&#8243; shift_x=&#8220;0&#8243; shift_y=&#8220;0&#8243; shift_y_down=&#8220;0&#8243; z_index=&#8220;0&#8243; medium_width=&#8220;0&#8243; mobile_width=&#8220;0&#8243; zoom_width=&#8220;0&#8243; zoom_height=&#8220;0&#8243; width=&#8220;1\/1&#8243; mobile_height=&#8220;260&#8243;][vc_gmaps latlon=&#8220;47.463190, 13.241630&#8243; size=&#8220;&#8220; map_color=&#8220;color-241938&#8243; ui_color=&#8220;&#8220; zoom=&#8220;12&#8243; map_saturation=&#8220;4&#8243; map_brightness=&#8220;0&#8243; uncode_shortcode_id=&#8220;106879&#8243; map_color_type=&#8220;uncode-palette&#8220;][\/vc_column][\/vc_row]<\/p>\n<\/div>","protected":false},"excerpt":{"rendered":"<p>[vc_row row_height_percent=&#8220;0&#8243; override_padding=&#8220;yes&#8220; h_padding=&#8220;2&#8243; top_padding=&#8220;5&#8243; bottom_padding=&#8220;5&#8243; overlay_alpha=&#8220;50&#8243; gutter_size=&#8220;4&#8243; column_width_percent=&#8220;100&#8243; shift_y=&#8220;0&#8243; z_index=&#8220;0&#8243; uncode_shortcode_id=&#8220;124396&#8243;][vc_column column_width_percent=&#8220;100&#8243; gutter_size=&#8220;3&#8243; overlay_alpha=&#8220;50&#8243; shift_x=&#8220;0&#8243; shift_y=&#8220;0&#8243; shift_y_down=&#8220;0&#8243; z_index=&#8220;0&#8243; medium_width=&#8220;4&#8243; [&hellip;]<\/p>\n","protected":false},"author":1,"featured_media":131398,"parent":0,"menu_order":6,"comment_status":"closed","ping_status":"closed","template":"","meta":{"footnotes":""},"class_list":["post-130698","page","type-page","status-publish","has-post-thumbnail","hentry"],"_links":{"self":[{"href":"https:\/\/www.zistelberghof.at\/de\/wp-json\/wp\/v2\/pages\/130698","targetHints":{"allow":["GET"]}}],"collection":[{"href":"https:\/\/www.zistelberghof.at\/de\/wp-json\/wp\/v2\/pages"}],"about":[{"href":"https:\/\/www.zistelberghof.at\/de\/wp-json\/wp\/v2\/types\/page"}],"author":[{"embeddable":true,"href":"https:\/\/www.zistelberghof.at\/de\/wp-json\/wp\/v2\/users\/1"}],"replies":[{"embeddable":true,"href":"https:\/\/www.zistelberghof.at\/de\/wp-json\/wp\/v2\/comments?post=130698"}],"version-history":[{"count":40,"href":"https:\/\/www.zistelberghof.at\/de\/wp-json\/wp\/v2\/pages\/130698\/revisions"}],"predecessor-version":[{"id":131645,"href":"https:\/\/www.zistelberghof.at\/de\/wp-json\/wp\/v2\/pages\/130698\/revisions\/131645"}],"wp:featuredmedia":[{"embeddable":true,"href":"https:\/\/www.zistelberghof.at\/de\/wp-json\/wp\/v2\/media\/131398"}],"wp:attachment":[{"href":"https:\/\/www.zistelberghof.at\/de\/wp-json\/wp\/v2\/media?parent=130698"}],"curies":[{"name":"wp","href":"https:\/\/api.w.org\/{rel}","templated":true}]}}