{"id":131095,"date":"2023-12-13T14:14:32","date_gmt":"2023-12-13T14:14:32","guid":{"rendered":"https:\/\/neu.zistelberghof.at\/?page_id=131095"},"modified":"2023-12-22T08:12:54","modified_gmt":"2023-12-22T08:12:54","slug":"schnapflriedlhuette","status":"publish","type":"page","link":"https:\/\/www.zistelberghof.at\/de\/schnapflriedlhuette\/","title":{"rendered":"Schnapflriedlh\u00fctte"},"content":{"rendered":"<div class=\"wpb-content-wrapper\"><p>[vc_row row_height_percent=&#8220;0&#8243; override_padding=&#8220;yes&#8220; h_padding=&#8220;2&#8243; top_padding=&#8220;4&#8243; bottom_padding=&#8220;3&#8243; overlay_alpha=&#8220;50&#8243; gutter_size=&#8220;3&#8243; column_width_percent=&#8220;100&#8243; shift_y=&#8220;0&#8243; z_index=&#8220;0&#8243; uncode_shortcode_id=&#8220;180718&#8243;][vc_column width=&#8220;1\/1&#8243;][vc_custom_heading text_color=&#8220;color-105872&#8243; text_font=&#8220;font-369760&#8243; text_size=&#8220;fontsize-155944&#8243; text_weight=&#8220;400&#8243; uncode_shortcode_id=&#8220;106286&#8243; text_color_type=&#8220;uncode-palette&#8220;]Ihre Auszeit in den Bergen &#8211; Unsere charmante Almh\u00fctte in Werfenweng[\/vc_custom_heading][vc_column_text text_lead=&#8220;yes&#8220; uncode_shortcode_id=&#8220;255089&#8243;]<\/p>\n<p style=\"font-weight: 400;\">Inmitten der malerischen Almenlandschaft von Werfenweng liegt unsere idyllische Almh\u00fctte, der perfekte Ort f\u00fcr alle, die dem Alltag entfliehen und die Natur in ihrer reinsten Form erleben m\u00f6chten. Diese liebevoll erhaltene Selbstversorgerh\u00fctte bietet Platz f\u00fcr bis zu 7 Personen und ist ideal f\u00fcr Familien, Freunde oder kleinere Gruppen, die eine besondere Auszeit suchen.<\/p>\n<p style=\"font-weight: 400;\">Die H\u00fctte mit rustikalem Charme verf\u00fcgt immer noch \u00fcber einen originalen Holzofen zum Kochen, um Ihnen ein authentisches Almenerlebnis zu bieten. Mit traditioneller Holzbauweise und gem\u00fctlicher Einrichtung f\u00fchlen Sie sich sofort in eine Welt der Ruhe und Entspannung versetzt. Hier k\u00f6nnen Sie in aller Ruhe die Seele baumeln lassen und den Alltagsstress vergessen.<\/p>\n<p><span style=\"font-weight: 400;\">Die K\u00fcche der H\u00fctte ist voll ausgestattet, sodass Sie Ihre Mahlzeiten selbst zubereiten k\u00f6nnen \u2013 vielleicht sogar mit frischen Zutaten aus der Region. Stellen Sie sich vor, wie Sie nach einem Tag in der Natur zusammenkommen, um bei einem herzhaften Essen und guten Gespr\u00e4chen den Tag ausklingen zu lassen.<\/span>[\/vc_column_text][vc_row_inner][vc_column_inner column_width_percent=&#8220;100&#8243; align_horizontal=&#8220;align_center&#8220; gutter_size=&#8220;3&#8243; overlay_alpha=&#8220;50&#8243; shift_x=&#8220;0&#8243; shift_y=&#8220;0&#8243; shift_y_down=&#8220;0&#8243; z_index=&#8220;0&#8243; medium_width=&#8220;0&#8243; mobile_width=&#8220;0&#8243; width=&#8220;1\/2&#8243; uncode_shortcode_id=&#8220;320205&#8243;][\/vc_column_inner][vc_column_inner column_width_percent=&#8220;100&#8243; align_horizontal=&#8220;align_center&#8220; gutter_size=&#8220;3&#8243; overlay_alpha=&#8220;50&#8243; shift_x=&#8220;0&#8243; shift_y=&#8220;0&#8243; shift_y_down=&#8220;0&#8243; z_index=&#8220;0&#8243; medium_width=&#8220;0&#8243; mobile_width=&#8220;0&#8243; width=&#8220;1\/2&#8243; uncode_shortcode_id=&#8220;173871&#8243;][\/vc_column_inner][\/vc_row_inner][\/vc_column][\/vc_row][vc_row row_height_percent=&#8220;0&#8243; override_padding=&#8220;yes&#8220; h_padding=&#8220;2&#8243; top_padding=&#8220;3&#8243; bottom_padding=&#8220;3&#8243; back_color=&#8220;color-684661&#8243; overlay_alpha=&#8220;50&#8243; gutter_size=&#8220;3&#8243; column_width_percent=&#8220;100&#8243; shift_y=&#8220;0&#8243; z_index=&#8220;0&#8243; uncode_shortcode_id=&#8220;111957&#8243; back_color_type=&#8220;uncode-palette&#8220;][vc_column column_width_percent=&#8220;100&#8243; align_horizontal=&#8220;align_center&#8220; gutter_size=&#8220;3&#8243; overlay_alpha=&#8220;50&#8243; shift_x=&#8220;0&#8243; shift_y=&#8220;0&#8243; shift_y_down=&#8220;0&#8243; z_index=&#8220;0&#8243; medium_width=&#8220;0&#8243; mobile_width=&#8220;0&#8243; width=&#8220;1\/4&#8243; uncode_shortcode_id=&#8220;450674&#8243;][vc_icon icon=&#8220;fa fa-home2&#8243; icon_color=&#8220;color-105872&#8243; size=&#8220;fa-4x&#8220; uncode_shortcode_id=&#8220;105206&#8243; icon_color_type=&#8220;uncode-palette&#8220; title=&#8220;Selbstversorgerh\u00fctte&#8220;][\/vc_icon][\/vc_column][vc_column column_width_percent=&#8220;100&#8243; align_horizontal=&#8220;align_center&#8220; gutter_size=&#8220;3&#8243; overlay_alpha=&#8220;50&#8243; shift_x=&#8220;0&#8243; shift_y=&#8220;0&#8243; shift_y_down=&#8220;0&#8243; z_index=&#8220;0&#8243; medium_width=&#8220;0&#8243; mobile_width=&#8220;0&#8243; width=&#8220;1\/4&#8243; uncode_shortcode_id=&#8220;130414&#8243;][vc_icon icon=&#8220;fa fa-bed&#8220; icon_color=&#8220;color-105872&#8243; size=&#8220;fa-4x&#8220; uncode_shortcode_id=&#8220;613263&#8243; icon_color_type=&#8220;uncode-palette&#8220; title=&#8220;Bis zu 7 Personen&#8220;][\/vc_icon][\/vc_column][vc_column column_width_percent=&#8220;100&#8243; align_horizontal=&#8220;align_center&#8220; gutter_size=&#8220;3&#8243; overlay_alpha=&#8220;50&#8243; shift_x=&#8220;0&#8243; shift_y=&#8220;0&#8243; shift_y_down=&#8220;0&#8243; z_index=&#8220;0&#8243; medium_width=&#8220;0&#8243; mobile_width=&#8220;0&#8243; width=&#8220;1\/4&#8243; uncode_shortcode_id=&#8220;151023&#8243;][vc_icon icon=&#8220;fa fa-calendar&#8220; icon_color=&#8220;color-105872&#8243; size=&#8220;fa-4x&#8220; uncode_shortcode_id=&#8220;130466&#8243; icon_color_type=&#8220;uncode-palette&#8220; title=&#8220;Ab 3 Tagen buchbar&#8220;][\/vc_icon][\/vc_column][vc_column column_width_percent=&#8220;100&#8243; align_horizontal=&#8220;align_center&#8220; gutter_size=&#8220;3&#8243; overlay_alpha=&#8220;50&#8243; shift_x=&#8220;0&#8243; shift_y=&#8220;0&#8243; shift_y_down=&#8220;0&#8243; z_index=&#8220;0&#8243; medium_width=&#8220;0&#8243; mobile_width=&#8220;0&#8243; width=&#8220;1\/4&#8243; uncode_shortcode_id=&#8220;890578&#8243;][vc_icon icon=&#8220;fa fa-automobile&#8220; icon_color=&#8220;color-105872&#8243; size=&#8220;fa-4x&#8220; uncode_shortcode_id=&#8220;173816&#8243; icon_color_type=&#8220;uncode-palette&#8220; title=&#8220;Transfer auf Anfrage&#8220;][\/vc_icon][\/vc_column][\/vc_row][vc_row row_height_percent=&#8220;0&#8243; override_padding=&#8220;yes&#8220; h_padding=&#8220;2&#8243; top_padding=&#8220;4&#8243; bottom_padding=&#8220;2&#8243; overlay_alpha=&#8220;50&#8243; gutter_size=&#8220;3&#8243; column_width_percent=&#8220;100&#8243; shift_y=&#8220;0&#8243; z_index=&#8220;0&#8243; uncode_shortcode_id=&#8220;634364&#8243;][vc_column width=&#8220;1\/2&#8243;][uncode_pricing title=&#8220;Vorsaison 2024| Mai, Juni &amp; ab Mitte September&#8220; price=&#8220;ab \u20ac130,00|pro Nacht&#8220; hover_fx=&#8220;full-colored&#8220; price_color=&#8220;color-241938&#8243; col_elements=&#8220;tb&#8220; most=&#8220;yes&#8220; uncode_shortcode_id=&#8220;170483&#8243; price_color_type=&#8220;uncode-palette&#8220;][\/vc_column][vc_column width=&#8220;1\/2&#8243;][uncode_pricing title=&#8220;Hauptsaison 2024|Juli, August &amp; bis Mitte September&#8220; price=&#8220;ab \u20ac160,00|pro Nacht&#8220; hover_fx=&#8220;full-colored&#8220; price_color=&#8220;color-241938&#8243; col_elements=&#8220;tb&#8220; most=&#8220;yes&#8220; uncode_shortcode_id=&#8220;177819&#8243; price_color_type=&#8220;uncode-palette&#8220;][\/vc_column][\/vc_row][vc_row row_height_percent=&#8220;0&#8243; override_padding=&#8220;yes&#8220; h_padding=&#8220;2&#8243; top_padding=&#8220;2&#8243; bottom_padding=&#8220;4&#8243; overlay_alpha=&#8220;50&#8243; gutter_size=&#8220;3&#8243; column_width_percent=&#8220;100&#8243; shift_y=&#8220;0&#8243; z_index=&#8220;0&#8243; uncode_shortcode_id=&#8220;172791&#8243;][vc_column width=&#8220;1\/2&#8243;][uncode_list icon=&#8220;fa fa-check&#8220; icon_color=&#8220;color-105872&#8243; uncode_shortcode_id=&#8220;178863&#8243; icon_color_type=&#8220;uncode-palette&#8220;]<\/p>\n<ul>\n<li>Selbstversorgerh\u00fctte auf 1.500 m<\/li>\n<li>3-Raum H\u00fctte mit ca. 55 m\u00b2<\/li>\n<li>eingez\u00e4untes Grundst\u00fcck<\/li>\n<li>Stube &amp; 2 Schlafzimmer<\/li>\n<li>Holzofen, Raclette und Fondue Set<\/li>\n<li>Bad, separat<\/li>\n<li>WC und Pissoire<\/li>\n<\/ul>\n<p>[\/uncode_list][\/vc_column][vc_column width=&#8220;1\/2&#8243;][uncode_list icon=&#8220;fa fa-check&#8220; icon_color=&#8220;color-105872&#8243; uncode_shortcode_id=&#8220;957018&#8243; icon_color_type=&#8220;uncode-palette&#8220;]<\/p>\n<ul>\n<li>Waschmaschine<\/li>\n<li>SAT-TV &amp; CD-Player<\/li>\n<li>B\u00fcchersammlung<\/li>\n<li>Sauna<\/li>\n<li>m\u00f6blierter Garten mit Liegest\u00fchlen, Sonnenschirm, Holzkohlegrill und Holzlager<\/li>\n<li>Endreinigung: \u20ac 90,00 einmalig<\/li>\n<li>Hunde: \u20ac 50,00<\/li>\n<\/ul>\n<p>[\/uncode_list][\/vc_column][\/vc_row][vc_row row_height_percent=&#8220;0&#8243; overlay_alpha=&#8220;50&#8243; gutter_size=&#8220;3&#8243; column_width_percent=&#8220;100&#8243; shift_y=&#8220;0&#8243; z_index=&#8220;0&#8243; uncode_shortcode_id=&#8220;131423&#8243;][vc_column width=&#8220;1\/1&#8243;][vc_column_text uncode_shortcode_id=&#8220;178163&#8243;]Alle Preise pro Tag inkl. aller Abgaben und exkl. Ortstaxe \u00b7 Stornobedingungen: <a href=\"https:\/\/www.oehv.at\/recht-service\/rechtsinformation\/agbh-deutsch-1\/\" target=\"_blank\" rel=\"noopener\">laut \u00f6sterreichischem Hotelreglement<\/a> \u00b7 H\u00fcttenpreise &#8222;Ab-Preise&#8220;.[\/vc_column_text][\/vc_column][\/vc_row][vc_row unlock_row_content=&#8220;yes&#8220; row_height_percent=&#8220;0&#8243; override_padding=&#8220;yes&#8220; h_padding=&#8220;2&#8243; top_padding=&#8220;4&#8243; bottom_padding=&#8220;4&#8243; back_color=&#8220;color-684661&#8243; overlay_alpha=&#8220;50&#8243; gutter_size=&#8220;3&#8243; column_width_percent=&#8220;90&#8243; shift_y=&#8220;0&#8243; z_index=&#8220;0&#8243; uncode_shortcode_id=&#8220;190523&#8243; back_color_type=&#8220;uncode-palette&#8220;][vc_column column_width_percent=&#8220;100&#8243; position_vertical=&#8220;middle&#8220; align_horizontal=&#8220;align_center&#8220; gutter_size=&#8220;3&#8243; overlay_alpha=&#8220;50&#8243; shift_x=&#8220;0&#8243; shift_y=&#8220;0&#8243; shift_y_down=&#8220;0&#8243; z_index=&#8220;0&#8243; medium_width=&#8220;0&#8243; mobile_width=&#8220;0&#8243; width=&#8220;1\/1&#8243; uncode_shortcode_id=&#8220;417176&#8243;][vc_gallery el_id=&#8220;gallery-604722&#8243; type=&#8220;carousel&#8220; medias=&#8220;131064,131062,131060,131058,131056,131054,131052&#8243; carousel_lg=&#8220;5&#8243; carousel_md=&#8220;3&#8243; carousel_sm=&#8220;1&#8243; thumb_size=&#8220;three-two&#8220; gutter_size=&#8220;3&#8243; media_items=&#8220;media|lightbox|original&#8220; carousel_v_align=&#8220;middle&#8220; carousel_interval=&#8220;3000&#8243; carousel_navspeed=&#8220;400&#8243; carousel_loop=&#8220;yes&#8220; carousel_overflow=&#8220;yes&#8220; carousel_half_opacity=&#8220;yes&#8220; carousel_scaled=&#8220;yes&#8220; stage_padding=&#8220;0&#8243; single_overlay_opacity=&#8220;50&#8243; single_padding=&#8220;2&#8243; uncode_shortcode_id=&#8220;439203&#8243;][\/vc_column][\/vc_row][vc_row row_height_percent=&#8220;0&#8243; override_padding=&#8220;yes&#8220; h_padding=&#8220;2&#8243; top_padding=&#8220;4&#8243; bottom_padding=&#8220;4&#8243; back_color=&#8220;color-241938&#8243; overlay_alpha=&#8220;50&#8243; gutter_size=&#8220;3&#8243; column_width_percent=&#8220;100&#8243; shift_y=&#8220;0&#8243; z_index=&#8220;0&#8243; uncode_shortcode_id=&#8220;145804&#8243; back_color_type=&#8220;uncode-palette&#8220;][vc_column column_width_percent=&#8220;100&#8243; position_vertical=&#8220;middle&#8220; align_horizontal=&#8220;align_center&#8220; gutter_size=&#8220;3&#8243; style=&#8220;dark&#8220; overlay_alpha=&#8220;50&#8243; shift_x=&#8220;0&#8243; shift_y=&#8220;0&#8243; shift_y_down=&#8220;0&#8243; z_index=&#8220;0&#8243; medium_width=&#8220;0&#8243; mobile_width=&#8220;0&#8243; width=&#8220;1\/1&#8243; uncode_shortcode_id=&#8220;162978&#8243;][vc_button size=&#8220;btn-lg&#8220; hover_fx=&#8220;outlined&#8220; outline=&#8220;yes&#8220; border_width=&#8220;0&#8243; link=&#8220;url:https%3A%2F%2Fwww.zistelberghof.at%2Fde%2Fanfrage%2F|title:Buchen&#8220; uncode_shortcode_id=&#8220;170219&#8243;]Jetzt anfragen[\/vc_button][\/vc_column][\/vc_row]<\/p>\n<\/div>","protected":false},"excerpt":{"rendered":"<p>[vc_row row_height_percent=&#8220;0&#8243; override_padding=&#8220;yes&#8220; h_padding=&#8220;2&#8243; top_padding=&#8220;4&#8243; bottom_padding=&#8220;3&#8243; overlay_alpha=&#8220;50&#8243; gutter_size=&#8220;3&#8243; column_width_percent=&#8220;100&#8243; shift_y=&#8220;0&#8243; z_index=&#8220;0&#8243; uncode_shortcode_id=&#8220;180718&#8243;][vc_column width=&#8220;1\/1&#8243;][vc_custom_heading text_color=&#8220;color-105872&#8243; text_font=&#8220;font-369760&#8243; text_size=&#8220;fontsize-155944&#8243; text_weight=&#8220;400&#8243; uncode_shortcode_id=&#8220;106286&#8243; text_color_type=&#8220;uncode-palette&#8220;]Ihre Auszeit [&hellip;]<\/p>\n","protected":false},"author":2,"featured_media":131064,"parent":0,"menu_order":5,"comment_status":"closed","ping_status":"closed","template":"","meta":{"footnotes":""},"class_list":["post-131095","page","type-page","status-publish","has-post-thumbnail","hentry"],"_links":{"self":[{"href":"https:\/\/www.zistelberghof.at\/de\/wp-json\/wp\/v2\/pages\/131095","targetHints":{"allow":["GET"]}}],"collection":[{"href":"https:\/\/www.zistelberghof.at\/de\/wp-json\/wp\/v2\/pages"}],"about":[{"href":"https:\/\/www.zistelberghof.at\/de\/wp-json\/wp\/v2\/types\/page"}],"author":[{"embeddable":true,"href":"https:\/\/www.zistelberghof.at\/de\/wp-json\/wp\/v2\/users\/2"}],"replies":[{"embeddable":true,"href":"https:\/\/www.zistelberghof.at\/de\/wp-json\/wp\/v2\/comments?post=131095"}],"version-history":[{"count":27,"href":"https:\/\/www.zistelberghof.at\/de\/wp-json\/wp\/v2\/pages\/131095\/revisions"}],"predecessor-version":[{"id":131671,"href":"https:\/\/www.zistelberghof.at\/de\/wp-json\/wp\/v2\/pages\/131095\/revisions\/131671"}],"wp:featuredmedia":[{"embeddable":true,"href":"https:\/\/www.zistelberghof.at\/de\/wp-json\/wp\/v2\/media\/131064"}],"wp:attachment":[{"href":"https:\/\/www.zistelberghof.at\/de\/wp-json\/wp\/v2\/media?parent=131095"}],"curies":[{"name":"wp","href":"https:\/\/api.w.org\/{rel}","templated":true}]}}