{"id":131125,"date":"2023-12-14T08:43:52","date_gmt":"2023-12-14T08:43:52","guid":{"rendered":"https:\/\/neu.zistelberghof.at\/?page_id=131125"},"modified":"2023-12-18T09:20:15","modified_gmt":"2023-12-18T09:20:15","slug":"impressum","status":"publish","type":"page","link":"https:\/\/www.zistelberghof.at\/de\/impressum\/","title":{"rendered":"Impressum"},"content":{"rendered":"<div class=\"wpb-content-wrapper\"><p>[vc_row][vc_column width=&#8220;1\/1&#8243;][vc_column_text uncode_shortcode_id=&#8220;971445&#8243;]<\/p>\n<p style=\"font-weight: 400;\"><strong>Impressum<\/strong><\/p>\n<ul>\n<li style=\"font-weight: 400;\">Hotel &amp; Restaurant Zistelberghof<\/li>\n<li style=\"font-weight: 400;\">Lampersbach 26<\/li>\n<li style=\"font-weight: 400;\">5453 Werfenweng<\/li>\n<li style=\"font-weight: 400;\">\u00d6sterreich<\/li>\n<li style=\"font-weight: 400;\">Tel.: +43 6466 443<\/li>\n<li style=\"font-weight: 400;\">Fax.: +43 6466 443-4<\/li>\n<li style=\"font-weight: 400;\"><a href=\"mailto:info@zistelberghof.at\">info@zistelberghof.at<\/a><\/li>\n<\/ul>\n<p style=\"font-weight: 400;\">Unternehmensgegenstand: Unser Unternehmen widmet sich der Bereitstellung von erstklassigen Beherbergungs- und Gastronomiedienstleistungen.<\/p>\n<ul>\n<li style=\"font-weight: 400;\">UID: ATU35528700<\/li>\n<li style=\"font-weight: 400;\">Firmenbuchnummer:<\/li>\n<li style=\"font-weight: 400;\">Gerichtsstand: St. Johann im Pongau<\/li>\n<li style=\"font-weight: 400;\">Gesch\u00e4ftsf\u00fchrung: Rosina Lienbacher<\/li>\n<\/ul>\n<p style=\"font-weight: 400;\"><strong>Urheberrecht<\/strong><\/p>\n<p style=\"font-weight: 400;\">Die Inhalte (Texte und Bilder) dieser Seiten sind urheberrechtlich gesch\u00fctzt. Die Informationen sind nur f\u00fcr die pers\u00f6nliche Verwendung bestimmt. Jede den Bestimmungen des Urheberrechtsgesetzes zuwiderlaufende Verwendung jeglicher Inhalte dieser Webseiten \u2013 insbesondere die weitergehende Nutzung wie beispielsweise die Ver\u00f6ffentlichung, Vervielf\u00e4ltigung und jede Form von gewerblicher Nutzung sowie die Weitergabe an Dritte, auch in Teilen oder in \u00fcberarbeiteter Form ist ohne ausdr\u00fcckliche vorherige Zustimmung des Urhebers\/Verfassers untersagt.<\/p>\n<p style=\"font-weight: 400;\"><strong>Haftungsausschluss<\/strong><\/p>\n<p style=\"font-weight: 400;\">Der Autor bzw. Betreiber dieser Webseiten ist bestrebt, die darin angebotenen Informationen nach bestem Wissen und Gewissen aktuell, vollst\u00e4ndig und richtig darzustellen und aktuell zu halten. Dennoch wird jegliche Haftung f\u00fcr Sch\u00e4den und sonstige wie immer geartete Nachteile ausgeschlossen, die sich aus der Nutzung (oder Nichtnutzung) der angebotenen Informationen ergeben k\u00f6nnen \u2013 dies auch und insbesondere dann, wenn diese Sch\u00e4den\/Nachteile auf die Nutzung von allenfalls nicht aktuellen, unvollst\u00e4ndigen bzw. fehlerhaften Informationen zur\u00fcckzuf\u00fchren sind. Dies gilt dann nicht, wenn seitens des Autors bzw. Betreibers ein vors\u00e4tzliches oder grob fahrl\u00e4ssiges Verhalten vorliegt.<\/p>\n<p style=\"font-weight: 400;\">Die Inhalte auf verlinkten Seiten (Links, Hyperlinks) liegen au\u00dferhalb des Verantwortungsbereiches des Autors und Betreibers dieser Seite (Hotel &amp; Restaurant Zistelberghof). F\u00fcr Inhalte externer Internetseiten wird demgem\u00e4\u00df keine wie immer geartete Verantwortung bzw. Haftung \u00fcbernommen; insbesondere wird jede Haftung f\u00fcr deren Aussagen, Gestaltung und Inhalte ausgeschlossen, zumal kein Einfluss auf Inhalte und Gestaltung von verlinkten Seiten besteht. F\u00fcr Inhalte von Seiten, auf welche von Seiten dieser Webseiten verwiesen wird, haftet somit allein der Anbieter dieser fremden Webseiten \u2013 niemals jedoch derjenige, der durch einen Link auf fremde Publikationen und Inhalte verweist. Sollten gelinkte Seiten (insbesondere durch Ver\u00e4nderung der Inhalte nach dem Setzen des Links) illegale, fehlerhafte, unvollst\u00e4ndige, beleidigende oder sittenwidrige Informationen beinhalten und gelangen derartige Inhalte von gelinkten Seiten zur Kenntnis, so wird der Link auf derartige Seiten unverz\u00fcglich gel\u00f6scht.<\/p>\n<p style=\"font-weight: 400;\">Zudem wird keine wie immer geartete Haftung und Verantwortung f\u00fcr fremde Webseiten \u00fcbernommen, von denen durch Hyperlinks auf diese Webseite (<a href=\"http:\/\/www.zistelberghof.at\/\">www.zistelberghof.at<\/a>) verwiesen wird.<\/p>\n<p style=\"font-weight: 400;\">Eine laufende Kontrolle von Seiten, zu denen man durch Hyperlinks gelangen kann oder von denen durch Hyperlinks auf diese Webseite (<a href=\"http:\/\/www.zistelberghof.at\/\">www.zistelberghof.at<\/a>) verwiesen wird, erfolgt nicht.<\/p>\n<p style=\"font-weight: 400;\">Wir machen uns den Inhalt von Seiten, zu denen man von unserer Webseite durch Hyperlinks gelangen kann oder von denen durch Hyperlinks auf unsere Webseite (<a href=\"http:\/\/www.zistelberghof.at\/\">www.zistelberghof.at<\/a>) verwiesen wird, nicht zu Eigen.<\/p>\n<p style=\"font-weight: 400;\"><strong>Informationsinhalt<\/strong><\/p>\n<p style=\"font-weight: 400;\">Die Informationen dieser Webseiten k\u00f6nnen ohne vorherige Ank\u00fcndigung ge\u00e4ndert, entfernt oder erg\u00e4nzt werden. Es wird daher keine Haftung f\u00fcr die Korrektheit, Vollst\u00e4ndigkeit, Qualit\u00e4t oder Aktualit\u00e4t der bereitgestellten Informationen gegeben.<\/p>\n<p style=\"font-weight: 400;\"><strong>Nutzung unserer Daten<\/strong><\/p>\n<p style=\"font-weight: 400;\">Der Nutzung von im Rahmen der Impressums- bzw. Offenlegungs- und Informationspflicht ver\u00f6ffentlichten Kontaktdaten durch Dritte zur \u00dcbersendung von nicht ausdr\u00fccklich angeforderter Werbung und Informationsmaterialien wird hiermit ausdr\u00fccklich widersprochen.<\/p>\n<p style=\"font-weight: 400;\"><strong>Bildnachweis<\/strong><\/p>\n<p style=\"font-weight: 400;\">\u00a9 Hotel Zistelberghof (Mag. FH Josef Possegger, Markus Huber), Tourismusverband Werfenweng, Christian Schartner, Marco Dullnig, Bernhard Bergmann, istockphoto, Bethel Fath, stock.adobe.com<\/p>\n<p>[\/vc_column_text][\/vc_column][\/vc_row]<\/p>\n<\/div>","protected":false},"excerpt":{"rendered":"<p>[vc_row][vc_column width=&#8220;1\/1&#8243;][vc_column_text uncode_shortcode_id=&#8220;971445&#8243;] Impressum Hotel &amp; Restaurant Zistelberghof Lampersbach 26 5453 Werfenweng \u00d6sterreich Tel.: +43 6466 443 Fax.: +43 6466 [&hellip;]<\/p>\n","protected":false},"author":2,"featured_media":130944,"parent":0,"menu_order":7,"comment_status":"closed","ping_status":"closed","template":"","meta":{"footnotes":""},"class_list":["post-131125","page","type-page","status-publish","has-post-thumbnail","hentry"],"_links":{"self":[{"href":"https:\/\/www.zistelberghof.at\/de\/wp-json\/wp\/v2\/pages\/131125","targetHints":{"allow":["GET"]}}],"collection":[{"href":"https:\/\/www.zistelberghof.at\/de\/wp-json\/wp\/v2\/pages"}],"about":[{"href":"https:\/\/www.zistelberghof.at\/de\/wp-json\/wp\/v2\/types\/page"}],"author":[{"embeddable":true,"href":"https:\/\/www.zistelberghof.at\/de\/wp-json\/wp\/v2\/users\/2"}],"replies":[{"embeddable":true,"href":"https:\/\/www.zistelberghof.at\/de\/wp-json\/wp\/v2\/comments?post=131125"}],"version-history":[{"count":5,"href":"https:\/\/www.zistelberghof.at\/de\/wp-json\/wp\/v2\/pages\/131125\/revisions"}],"predecessor-version":[{"id":131389,"href":"https:\/\/www.zistelberghof.at\/de\/wp-json\/wp\/v2\/pages\/131125\/revisions\/131389"}],"wp:featuredmedia":[{"embeddable":true,"href":"https:\/\/www.zistelberghof.at\/de\/wp-json\/wp\/v2\/media\/130944"}],"wp:attachment":[{"href":"https:\/\/www.zistelberghof.at\/de\/wp-json\/wp\/v2\/media?parent=131125"}],"curies":[{"name":"wp","href":"https:\/\/api.w.org\/{rel}","templated":true}]}}