{"id":131140,"date":"2023-12-14T10:25:45","date_gmt":"2023-12-14T10:25:45","guid":{"rendered":"https:\/\/neu.zistelberghof.at\/?page_id=131140"},"modified":"2023-12-22T13:17:48","modified_gmt":"2023-12-22T13:17:48","slug":"aktivitaeten","status":"publish","type":"page","link":"https:\/\/www.zistelberghof.at\/de\/aktivitaeten\/","title":{"rendered":"Aktivit\u00e4ten"},"content":{"rendered":"<div class=\"wpb-content-wrapper\"><p>[vc_row row_height_percent=&#8220;0&#8243; override_padding=&#8220;yes&#8220; h_padding=&#8220;2&#8243; top_padding=&#8220;5&#8243; bottom_padding=&#8220;5&#8243; overlay_alpha=&#8220;50&#8243; gutter_size=&#8220;4&#8243; column_width_percent=&#8220;100&#8243; shift_y=&#8220;0&#8243; z_index=&#8220;0&#8243; uncode_shortcode_id=&#8220;124396&#8243;][vc_column column_width_percent=&#8220;100&#8243; gutter_size=&#8220;3&#8243; overlay_alpha=&#8220;50&#8243; shift_x=&#8220;0&#8243; shift_y=&#8220;0&#8243; shift_y_down=&#8220;0&#8243; z_index=&#8220;0&#8243; medium_width=&#8220;4&#8243; mobile_width=&#8220;0&#8243; sticky=&#8220;yes&#8220; width=&#8220;6\/12&#8243; el_class=&#8220;image-card image-card-triple&#8220; uncode_shortcode_id=&#8220;155557&#8243;][vc_single_image media=&#8220;131145&#8243; media_width_percent=&#8220;100&#8243; media_ratio=&#8220;one-one&#8220; alignment=&#8220;right&#8220; uncode_shortcode_id=&#8220;570610&#8243;][vc_single_image media=&#8220;131143&#8243; media_width_percent=&#8220;100&#8243; media_ratio=&#8220;one-one&#8220; alignment=&#8220;right&#8220; css_animation=&#8220;parallax&#8220; parallax_intensity=&#8220;2&#8243; uncode_shortcode_id=&#8220;112750&#8243;][vc_single_image media=&#8220;131141&#8243; media_width_percent=&#8220;100&#8243; media_ratio=&#8220;one-one&#8220; alignment=&#8220;right&#8220; css_animation=&#8220;parallax&#8220; parallax_intensity=&#8220;3&#8243; uncode_shortcode_id=&#8220;191701&#8243;][uncode_vertical_text vertical_text_h_pos=&#8220;-1&#8243; z_index=&#8220;0&#8243; text_font=&#8220;font-469684&#8243; text_size=&#8220;h6&#8243; text_weight=&#8220;500&#8243; text_transform=&#8220;uppercase&#8220; text_space=&#8220;fontspace-210350&#8243; medium_visibility=&#8220;yes&#8220; mobile_visibility=&#8220;yes&#8220; uncode_shortcode_id=&#8220;320039&#8243;]Aktivit\u00e4ten[\/uncode_vertical_text][\/vc_column][vc_column column_width_percent=&#8220;100&#8243; position_horizontal=&#8220;left&#8220; position_vertical=&#8220;middle&#8220; gutter_size=&#8220;3&#8243; font_family=&#8220;font-469684&#8243; overlay_alpha=&#8220;50&#8243; shift_x=&#8220;0&#8243; shift_y=&#8220;0&#8243; shift_y_down=&#8220;0&#8243; z_index=&#8220;0&#8243; medium_width=&#8220;4&#8243; align_mobile=&#8220;align_center_mobile&#8220; mobile_width=&#8220;0&#8243; width=&#8220;6\/12&#8243; uncode_shortcode_id=&#8220;573911&#8243;][vc_custom_heading text_color=&#8220;color-105872&#8243; heading_semantic=&#8220;h3&#8243; text_font=&#8220;font-369760&#8243; text_size=&#8220;fontsize-155944&#8243; text_weight=&#8220;400&#8243; sub_lead=&#8220;yes&#8220; uncode_shortcode_id=&#8220;196956&#8243; text_color_type=&#8220;uncode-palette&#8220;]Sommer &amp; Winter. Bei uns haben Sie unz\u00e4hlige M\u00f6glichkeiten an Freizeitaktivit\u00e4ten![\/vc_custom_heading][vc_column_text text_lead=&#8220;yes&#8220; uncode_shortcode_id=&#8220;197368&#8243;]Im Herzen von Werfenweng er\u00f6ffnet sich eine Welt voller Aktivit\u00e4ten, die Ihren Aufenthalt bei uns zu jeder Jahreszeit bereichern. Im Winter verwandelt sich die Landschaft in ein Paradies f\u00fcr Wintersportler: Erleben Sie die Freude am Skifahren auf bestens pr\u00e4parierten Pisten, entdecken Sie die Stille der Natur beim Schneeschuhwandern oder genie\u00dfen Sie die idyllischen Loipen beim Langlaufen.<\/p>\n<p>Mit dem ersten Schmelzen des Schnees begr\u00fc\u00dft der Sommer Sie mit einem ebenso vielf\u00e4ltigen Angebot: Unsere Region ist ein Traumziel f\u00fcr Wanderer und Bergsteiger. Genie\u00dfen Sie ausgedehnte Wanderungen durch die malerische Landschaft oder erklimmen Sie die Gipfel f\u00fcr atemberaubende Ausblicke. F\u00fcr Erfrischung und Entspannung sorgt unser kristallklarer Badesee.<\/p>\n<p>Neben den nat\u00fcrlichen Sch\u00f6nheiten bietet die Umgebung auch kulturelle Highlights. Tauchen Sie ein in die faszinierende Welt der Eisriesenwelt Werfen, erkunden Sie die historischen Gem\u00e4uer der Burg Werfen und lassen Sie sich von den zahlreichen Sehensw\u00fcrdigkeiten der nahegelegenen Stadt Salzburg verzaubern.<\/p>\n<p>Bei uns in Werfenweng sind die M\u00f6glichkeiten f\u00fcr Freizeitaktivit\u00e4ten schier unbegrenzt. Egal ob Sie auf der Suche nach Abenteuer, Erholung oder kulturellen Erlebnissen sind \u2013 hier finden Sie alles, was Ihr Herz begehrt. Entdecken Sie die Vielfalt unseres Angebots und machen Sie Ihren Aufenthalt zu einem unvergesslichen Erlebnis.[\/vc_column_text][\/vc_column][\/vc_row][vc_row row_height_percent=&#8220;70&#8243; overlay_alpha=&#8220;50&#8243; gutter_size=&#8220;3&#8243; column_width_percent=&#8220;100&#8243; shift_y=&#8220;0&#8243; z_index=&#8220;0&#8243; inverted_device_order=&#8220;yes&#8220; uncode_shortcode_id=&#8220;165389&#8243;][vc_column width=&#8220;1\/2&#8243;][vc_custom_heading text_color=&#8220;color-105872&#8243; heading_semantic=&#8220;h3&#8243; text_font=&#8220;font-369760&#8243; text_size=&#8220;fontsize-155944&#8243; text_weight=&#8220;400&#8243; sub_lead=&#8220;yes&#8220; uncode_shortcode_id=&#8220;162472&#8243; text_color_type=&#8220;uncode-palette&#8220;]Burg Hohenwerfen[\/vc_custom_heading][vc_column_text text_lead=&#8220;yes&#8220; uncode_shortcode_id=&#8220;649009&#8243;]<\/p>\n<p class=\"intro-linklist__header headings-font\">Erleben Sie eine der sch\u00f6nsten Burgen \u00d6sterreichs<\/p>\n<p class=\"intro-linklist__introtext\">Ein luftiges Erlebnis erwartet Sie auf der \u00fcber 900 Jahre alten Erlebnisburg Hohenwerfen im Salzburger Pongau. Auf dem steilen Felskegel hoch \u00fcber dem Salzachtal weht Ihnen beim Blick durch die Schie\u00dfscharten das L\u00fcftchen der umliegenden Gebirgsriesen um die Nase.<\/p>\n<p>[\/vc_column_text][vc_button button_color=&#8220;color-105872&#8243; size=&#8220;btn-lg&#8220; outline=&#8220;yes&#8220; text_skin=&#8220;yes&#8220; custom_typo=&#8220;yes&#8220; font_family=&#8220;font-469684&#8243; font_weight=&#8220;500&#8243; border_width=&#8220;0&#8243; link=&#8220;url:https%3A%2F%2Fwww.salzburg-burgen.at%2Fde%2Fburg-hohenwerfen%2F|title:Burg%20Hohenwerfen|target:_blank&#8220; button_color_type=&#8220;uncode-palette&#8220; uncode_shortcode_id=&#8220;153863&#8243;]Burg besuchen[\/vc_button][\/vc_column][vc_column column_width_percent=&#8220;100&#8243; position_vertical=&#8220;middle&#8220; gutter_size=&#8220;3&#8243; overlay_alpha=&#8220;50&#8243; shift_x=&#8220;0&#8243; shift_y=&#8220;0&#8243; shift_y_down=&#8220;0&#8243; z_index=&#8220;0&#8243; medium_width=&#8220;0&#8243; mobile_width=&#8220;0&#8243; width=&#8220;1\/2&#8243; uncode_shortcode_id=&#8220;389418&#8243;][vc_single_image media=&#8220;131556&#8243; media_width_percent=&#8220;100&#8243; uncode_shortcode_id=&#8220;176121&#8243;][\/vc_column][\/vc_row][vc_row row_height_percent=&#8220;70&#8243; overlay_alpha=&#8220;50&#8243; gutter_size=&#8220;3&#8243; column_width_percent=&#8220;100&#8243; shift_y=&#8220;0&#8243; z_index=&#8220;0&#8243; uncode_shortcode_id=&#8220;157422&#8243;][vc_column column_width_percent=&#8220;100&#8243; position_vertical=&#8220;middle&#8220; gutter_size=&#8220;3&#8243; overlay_alpha=&#8220;50&#8243; shift_x=&#8220;0&#8243; shift_y=&#8220;0&#8243; shift_y_down=&#8220;0&#8243; z_index=&#8220;0&#8243; medium_width=&#8220;0&#8243; mobile_width=&#8220;0&#8243; width=&#8220;1\/2&#8243; uncode_shortcode_id=&#8220;389418&#8243;][vc_single_image media=&#8220;131563&#8243; media_width_percent=&#8220;100&#8243; uncode_shortcode_id=&#8220;153555&#8243;][\/vc_column][vc_column width=&#8220;1\/2&#8243;][vc_custom_heading text_color=&#8220;color-105872&#8243; heading_semantic=&#8220;h3&#8243; text_font=&#8220;font-369760&#8243; text_size=&#8220;fontsize-155944&#8243; text_weight=&#8220;400&#8243; sub_lead=&#8220;yes&#8220; uncode_shortcode_id=&#8220;140951&#8243; text_color_type=&#8220;uncode-palette&#8220;]Eisriesenwelt[\/vc_custom_heading][vc_column_text text_lead=&#8220;yes&#8220; uncode_shortcode_id=&#8220;165187&#8243;]<\/p>\n<p class=\"intro-linklist__header headings-font\">Tauchen Sie ein in eine verborgene Welt unter der Erde \u2013 in der Eisriesenwelt Werfen, der gr\u00f6\u00dften Eish\u00f6hle der Welt. Dieses eisige Naturph\u00e4nomen im Herzen des Tennengebirges entf\u00fchrt Sie in eine faszinierende Unterwelt aus Eis und Fels. Bei einer gef\u00fchrten Tour durch die H\u00f6hle erleben Sie die beeindruckenden Eisformationen, die im Schein Ihrer Lampe in mystischen Blau- und Wei\u00dft\u00f6nen schimmern. Jeder Schritt in diesem unterirdischen Labyrinth offenbart neue Wunder, von gigantischen Eiss\u00e4ulen bis hin zu filigranen Eisgebilden. Gelegen in der malerischen Landschaft des Salzburger Pongaus, bietet die Eisriesenwelt ein unvergleichliches Abenteuer f\u00fcr Natur- und H\u00f6hlenbegeisterte aller Altersgruppen. Ein Besuch hier ist nicht nur eine Erkundungstour durch die Tiefen der Erde, sondern auch eine Reise in eine andere Welt, wo die Zeit stillzustehen scheint und die Natur ihre eigenen Kunstwerke schafft.<\/p>\n<p>[\/vc_column_text][vc_button button_color=&#8220;color-105872&#8243; size=&#8220;btn-lg&#8220; outline=&#8220;yes&#8220; text_skin=&#8220;yes&#8220; custom_typo=&#8220;yes&#8220; font_family=&#8220;font-469684&#8243; font_weight=&#8220;500&#8243; border_width=&#8220;0&#8243; link=&#8220;url:http%3A%2F%2Fwww.eisriesenwelt.at%2Fde%2F|title:Eisriesenwelt|target:_blank&#8220; button_color_type=&#8220;uncode-palette&#8220; uncode_shortcode_id=&#8220;181985&#8243;]Eisriesenwelt besuchen[\/vc_button][\/vc_column][\/vc_row][vc_row row_height_percent=&#8220;70&#8243; overlay_alpha=&#8220;50&#8243; gutter_size=&#8220;3&#8243; column_width_percent=&#8220;100&#8243; shift_y=&#8220;0&#8243; z_index=&#8220;0&#8243; inverted_device_order=&#8220;yes&#8220; uncode_shortcode_id=&#8220;192712&#8243;][vc_column width=&#8220;1\/2&#8243;][vc_custom_heading text_color=&#8220;color-105872&#8243; heading_semantic=&#8220;h3&#8243; text_font=&#8220;font-369760&#8243; text_size=&#8220;fontsize-155944&#8243; text_weight=&#8220;400&#8243; sub_lead=&#8220;yes&#8220; uncode_shortcode_id=&#8220;183180&#8243; text_color_type=&#8220;uncode-palette&#8220;]Liechtensteinklamm[\/vc_custom_heading][vc_column_text text_lead=&#8220;yes&#8220; uncode_shortcode_id=&#8220;144264&#8243;]Erkunden Sie eines der tiefsten und eindrucksvollsten Canyons in den Alpen \u2013 die Liechtensteinklamm in St. Johann im Pongau. Dieses Naturwunder ist ein wahres Fest f\u00fcr die Sinne, wo das stetige Rauschen des Wassers, die k\u00fchle, feuchte Luft und das Spiel des Lichts auf den Felsw\u00e4nden ein unvergleichliches Erlebnis schaffen. Spazieren Sie auf sicheren Stegen und Pfaden, die sich durch die schmale Schlucht winden, und bestaunen Sie die atemberaubenden Wasserf\u00e4lle, die sich \u00fcber die steilen Felsw\u00e4nde ergie\u00dfen.<\/p>\n<p>Die Liechtensteinklamm ist nicht nur ein Ort von au\u00dfergew\u00f6hnlicher nat\u00fcrlicher Sch\u00f6nheit, sondern auch ein Ort voller Mythen und Legenden. Ihre Entstehung verdankt sie der jahrtausendlangen Erosion durch das Wasser, was die Klamm zu einem faszinierenden Zeugnis der Naturkr\u00e4fte macht. F\u00fcr Fotografiebegeisterte und Naturliebhaber bietet die Liechtensteinklamm unz\u00e4hlige Motive und Momente des Staunens.<\/p>\n<p>Die Klamm ist leicht erreichbar und bietet eine perfekte Halbtagesaktivit\u00e4t f\u00fcr Familien, Wanderer und alle, die die einzigartige Sch\u00f6nheit der alpinen Landschaft \u00d6sterreichs erleben m\u00f6chten. Ein Besuch der Liechtensteinklamm ist ein unvergessliches Erlebnis, das die Kraft und die Pracht der Natur in Erinnerung ruft.[\/vc_column_text][vc_button button_color=&#8220;color-105872&#8243; size=&#8220;btn-lg&#8220; outline=&#8220;yes&#8220; text_skin=&#8220;yes&#8220; custom_typo=&#8220;yes&#8220; font_family=&#8220;font-469684&#8243; font_weight=&#8220;500&#8243; border_width=&#8220;0&#8243; link=&#8220;url:https%3A%2F%2Fwww.liechtensteinklamm.info|title:Liechtensteinklamm|target:_blank&#8220; button_color_type=&#8220;uncode-palette&#8220; uncode_shortcode_id=&#8220;191099&#8243;]Liechtensteinklamm besuchen[\/vc_button][\/vc_column][vc_column column_width_percent=&#8220;100&#8243; position_vertical=&#8220;middle&#8220; gutter_size=&#8220;3&#8243; overlay_alpha=&#8220;50&#8243; shift_x=&#8220;0&#8243; shift_y=&#8220;0&#8243; shift_y_down=&#8220;0&#8243; z_index=&#8220;0&#8243; medium_width=&#8220;0&#8243; mobile_width=&#8220;0&#8243; width=&#8220;1\/2&#8243; uncode_shortcode_id=&#8220;389418&#8243;][vc_single_image media=&#8220;131565&#8243; media_width_percent=&#8220;100&#8243; uncode_shortcode_id=&#8220;985040&#8243;][\/vc_column][\/vc_row][vc_row row_height_percent=&#8220;70&#8243; override_padding=&#8220;yes&#8220; h_padding=&#8220;2&#8243; top_padding=&#8220;2&#8243; bottom_padding=&#8220;5&#8243; overlay_alpha=&#8220;50&#8243; gutter_size=&#8220;3&#8243; column_width_percent=&#8220;100&#8243; shift_y=&#8220;0&#8243; z_index=&#8220;0&#8243; uncode_shortcode_id=&#8220;552890&#8243; shape_dividers=&#8220;&#8220;][vc_column column_width_percent=&#8220;100&#8243; position_vertical=&#8220;middle&#8220; gutter_size=&#8220;3&#8243; overlay_alpha=&#8220;50&#8243; shift_x=&#8220;0&#8243; shift_y=&#8220;0&#8243; shift_y_down=&#8220;0&#8243; z_index=&#8220;0&#8243; medium_width=&#8220;0&#8243; mobile_width=&#8220;0&#8243; width=&#8220;1\/2&#8243; uncode_shortcode_id=&#8220;389418&#8243;][vc_single_image media=&#8220;131567&#8243; media_width_percent=&#8220;100&#8243; uncode_shortcode_id=&#8220;202041&#8243;][\/vc_column][vc_column width=&#8220;1\/2&#8243;][vc_custom_heading text_color=&#8220;color-105872&#8243; heading_semantic=&#8220;h3&#8243; text_font=&#8220;font-369760&#8243; text_size=&#8220;fontsize-155944&#8243; text_weight=&#8220;400&#8243; sub_lead=&#8220;yes&#8220; uncode_shortcode_id=&#8220;146880&#8243; text_color_type=&#8220;uncode-palette&#8220;]Red Bull Hangar 7[\/vc_custom_heading][vc_column_text text_lead=&#8220;yes&#8220; uncode_shortcode_id=&#8220;847809&#8243;]Tauchen Sie ein in die faszinierende Welt der Luftfahrt und Formel 1 im Red Bull Hangar 7 am Flughafen Salzburg. Dieses architektonische Meisterwerk ist nicht nur ein Hangar f\u00fcr historische Flugzeuge, Helikopter und Formel-1-Rennwagen, sondern auch ein Ort der Inspiration und Innovation. Der Hangar 7, ein Wahrzeichen moderner Architektur, besticht durch seine transparente Glasstruktur, die den Blick auf eine beeindruckende Sammlung von Luftfahrzeugen und Rennautos freigibt, welche die Geschichte und den Geist von Red Bull in der Welt des Sports symbolisieren.<\/p>\n<p>Besucher k\u00f6nnen hautnah die technologischen Wunderwerke und Spitzenleistungen erleben, die Red Bull in verschiedenen Bereichen des Sports erreicht hat. Jedes ausgestellte St\u00fcck erz\u00e4hlt seine eigene Geschichte von Abenteuer, Geschwindigkeit und Pr\u00e4zision. Der Hangar 7 ist jedoch mehr als ein Museum \u2013 er ist ein Treffpunkt f\u00fcr Kunst- und Kulturliebhaber, mit wechselnden Ausstellungen, Veranstaltungen und einem Restaurant, das kulinarische H\u00f6henfl\u00fcge verspricht.<\/p>\n<p>Der Besuch im Red Bull Hangar 7 ist ein Muss f\u00fcr jeden Motorsport- und Flugbegeisterten sowie f\u00fcr alle, die sich f\u00fcr moderne Architektur und Kultur interessieren. Er bietet ein einzigartiges Erlebnis, das die Grenzen zwischen Technologie, Kunst und Leidenschaft aufhebt.[\/vc_column_text][vc_button button_color=&#8220;color-105872&#8243; size=&#8220;btn-lg&#8220; outline=&#8220;yes&#8220; text_skin=&#8220;yes&#8220; custom_typo=&#8220;yes&#8220; font_family=&#8220;font-469684&#8243; font_weight=&#8220;500&#8243; border_width=&#8220;0&#8243; link=&#8220;url:https%3A%2F%2Fwww.hangar-7.com%2Fde%2F|title:Red%20Bull%20Hangar%207|target:_blank&#8220; button_color_type=&#8220;uncode-palette&#8220; uncode_shortcode_id=&#8220;186753&#8243;]Red Bull Hangar 7 besuchen[\/vc_button][\/vc_column][\/vc_row][vc_row row_height_percent=&#8220;0&#8243; back_color=&#8220;color-241938&#8243; overlay_alpha=&#8220;50&#8243; gutter_size=&#8220;3&#8243; column_width_percent=&#8220;100&#8243; shift_y=&#8220;0&#8243; z_index=&#8220;0&#8243; uncode_shortcode_id=&#8220;183266&#8243; back_color_type=&#8220;uncode-palette&#8220;][vc_column width=&#8220;1\/1&#8243;][vc_gallery el_id=&#8220;gallery-604722&#8243; type=&#8220;carousel&#8220; medias=&#8220;131252,131274,131248,131241,131280,131205,131292,131195,131300,131233,131306,131213,131336,131197,131350,131223,131340&#8243; carousel_lg=&#8220;5&#8243; carousel_md=&#8220;3&#8243; carousel_sm=&#8220;1&#8243; thumb_size=&#8220;three-two&#8220; gutter_size=&#8220;3&#8243; media_items=&#8220;media|lightbox|original&#8220; carousel_v_align=&#8220;middle&#8220; carousel_interval=&#8220;3000&#8243; carousel_navspeed=&#8220;400&#8243; carousel_loop=&#8220;yes&#8220; carousel_overflow=&#8220;yes&#8220; carousel_half_opacity=&#8220;yes&#8220; carousel_scaled=&#8220;yes&#8220; stage_padding=&#8220;0&#8243; single_overlay_opacity=&#8220;50&#8243; single_padding=&#8220;2&#8243; uncode_shortcode_id=&#8220;677262&#8243;][\/vc_column][\/vc_row]<\/p>\n<\/div>","protected":false},"excerpt":{"rendered":"<p>[vc_row row_height_percent=&#8220;0&#8243; override_padding=&#8220;yes&#8220; h_padding=&#8220;2&#8243; top_padding=&#8220;5&#8243; bottom_padding=&#8220;5&#8243; overlay_alpha=&#8220;50&#8243; gutter_size=&#8220;4&#8243; column_width_percent=&#8220;100&#8243; shift_y=&#8220;0&#8243; z_index=&#8220;0&#8243; uncode_shortcode_id=&#8220;124396&#8243;][vc_column column_width_percent=&#8220;100&#8243; gutter_size=&#8220;3&#8243; overlay_alpha=&#8220;50&#8243; shift_x=&#8220;0&#8243; shift_y=&#8220;0&#8243; shift_y_down=&#8220;0&#8243; z_index=&#8220;0&#8243; medium_width=&#8220;4&#8243; [&hellip;]<\/p>\n","protected":false},"author":2,"featured_media":131148,"parent":0,"menu_order":4,"comment_status":"closed","ping_status":"closed","template":"","meta":{"footnotes":""},"class_list":["post-131140","page","type-page","status-publish","has-post-thumbnail","hentry"],"_links":{"self":[{"href":"https:\/\/www.zistelberghof.at\/de\/wp-json\/wp\/v2\/pages\/131140","targetHints":{"allow":["GET"]}}],"collection":[{"href":"https:\/\/www.zistelberghof.at\/de\/wp-json\/wp\/v2\/pages"}],"about":[{"href":"https:\/\/www.zistelberghof.at\/de\/wp-json\/wp\/v2\/types\/page"}],"author":[{"embeddable":true,"href":"https:\/\/www.zistelberghof.at\/de\/wp-json\/wp\/v2\/users\/2"}],"replies":[{"embeddable":true,"href":"https:\/\/www.zistelberghof.at\/de\/wp-json\/wp\/v2\/comments?post=131140"}],"version-history":[{"count":30,"href":"https:\/\/www.zistelberghof.at\/de\/wp-json\/wp\/v2\/pages\/131140\/revisions"}],"predecessor-version":[{"id":131584,"href":"https:\/\/www.zistelberghof.at\/de\/wp-json\/wp\/v2\/pages\/131140\/revisions\/131584"}],"wp:featuredmedia":[{"embeddable":true,"href":"https:\/\/www.zistelberghof.at\/de\/wp-json\/wp\/v2\/media\/131148"}],"wp:attachment":[{"href":"https:\/\/www.zistelberghof.at\/de\/wp-json\/wp\/v2\/media?parent=131140"}],"curies":[{"name":"wp","href":"https:\/\/api.w.org\/{rel}","templated":true}]}}